{"id":330,"date":"2025-11-17T13:06:11","date_gmt":"2025-11-17T13:06:11","guid":{"rendered":"https:\/\/tcdpalos.com\/?page_id=330"},"modified":"2025-11-24T12:19:44","modified_gmt":"2025-11-24T12:19:44","slug":"accesibilidad","status":"publish","type":"page","link":"https:\/\/tcdpalos.com\/en\/accesibilidad\/","title":{"rendered":"Accessibility"},"content":{"rendered":"<div data-elementor-type=\"wp-page\" data-elementor-id=\"330\" class=\"elementor elementor-330\">\n\t\t\t\t<div class=\"elementor-element elementor-element-5aa8bc1 e-flex e-con-boxed e-con e-parent\" data-id=\"5aa8bc1\" data-element_type=\"container\" data-e-type=\"container\">\n\t\t\t\t\t<div class=\"e-con-inner\">\n\t\t\t\t<div class=\"elementor-element elementor-element-aebc91d elementor-widget elementor-widget-heading\" data-id=\"aebc91d\" data-element_type=\"widget\" data-e-type=\"widget\" data-widget_type=\"heading.default\">\n\t\t\t\t\t<h2 class=\"elementor-heading-title elementor-size-default\">Accessibility<\/h2>\t\t\t\t<\/div>\n\t\t\t\t\t<\/div>\n\t\t\t\t<\/div>\n\t\t<div class=\"elementor-element elementor-element-da047b9 e-flex e-con-boxed e-con e-parent\" data-id=\"da047b9\" data-element_type=\"container\" data-e-type=\"container\">\n\t\t\t\t\t<div class=\"e-con-inner\">\n\t\t\t\t<div class=\"elementor-element elementor-element-a48f9b4 elementor-widget elementor-widget-heading\" data-id=\"a48f9b4\" data-element_type=\"widget\" data-e-type=\"widget\" data-widget_type=\"heading.default\">\n\t\t\t\t\t<h2 class=\"elementor-heading-title elementor-size-default\">En Nexus Telecom estamos firmemente comprometidos con la accesibilidad digital. Nuestro objetivo es que todas las personas, con independencia de sus capacidades, puedan navegar, comprender e interactuar con el contenido de nuestro sitio web <a>nexustelecom.es<\/a> de manera clara, sencilla y sin obst\u00e1culos.<\/h2>\t\t\t\t<\/div>\n\t\t\t\t\t<\/div>\n\t\t\t\t<\/div>\n\t\t<div class=\"elementor-element elementor-element-fb5b495 e-flex e-con-boxed e-con e-parent\" data-id=\"fb5b495\" data-element_type=\"container\" data-e-type=\"container\">\n\t\t\t\t\t<div class=\"e-con-inner\">\n\t\t\t\t<div class=\"elementor-element elementor-element-c5366a8 elementor-widget elementor-widget-heading\" data-id=\"c5366a8\" data-element_type=\"widget\" data-e-type=\"widget\" data-widget_type=\"heading.default\">\n\t\t\t\t\t<h2 class=\"elementor-heading-title elementor-size-default\">Compromiso con la accesibilidad<\/h2>\t\t\t\t<\/div>\n\t\t\t\t\t<\/div>\n\t\t\t\t<\/div>\n\t\t<div class=\"elementor-element elementor-element-764497d e-flex e-con-boxed e-con e-parent\" data-id=\"764497d\" data-element_type=\"container\" data-e-type=\"container\">\n\t\t\t\t\t<div class=\"e-con-inner\">\n\t\t\t\t<div class=\"elementor-element elementor-element-0fce4d3 elementor-widget elementor-widget-heading\" data-id=\"0fce4d3\" data-element_type=\"widget\" data-e-type=\"widget\" data-widget_type=\"heading.default\">\n\t\t\t\t\t<h2 class=\"elementor-heading-title elementor-size-default\">La presente declaraci\u00f3n de accesibilidad se aplica al sitio web: https:\/\/tcdpalos.com\n<br><br>\nNos esforzamos por cumplir con los requisitos del Real Decreto 1112\/2018, de 7 de septiembre, sobre accesibilidad de los sitios web y aplicaciones para dispositivos m\u00f3viles del sector p\u00fablico, as\u00ed como con las Pautas de Accesibilidad al Contenido en la Web (WCAG) 2.1, nivel AA, del W3C (World Wide Web Consortium).<br><br>\n\n\nEl sitio est\u00e1 dise\u00f1ado para ser compatible con las tecnolog\u00edas de asistencia actuales y navegadores modernos, respetando la norma UNE-EN 301549:2022, que establece los requisitos funcionales de accesibilidad TIC conforme al marco europeo.<\/h2>\t\t\t\t<\/div>\n\t\t\t\t\t<\/div>\n\t\t\t\t<\/div>\n\t\t<div class=\"elementor-element elementor-element-19739dd e-flex e-con-boxed e-con e-parent\" data-id=\"19739dd\" data-element_type=\"container\" data-e-type=\"container\">\n\t\t\t\t\t<div class=\"e-con-inner\">\n\t\t\t\t<div class=\"elementor-element elementor-element-84b8199 elementor-widget elementor-widget-heading\" data-id=\"84b8199\" data-element_type=\"widget\" data-e-type=\"widget\" data-widget_type=\"heading.default\">\n\t\t\t\t\t<h2 class=\"elementor-heading-title elementor-size-default\">Medidas adoptadas<\/h2>\t\t\t\t<\/div>\n\t\t\t\t<div class=\"elementor-element elementor-element-62acd0c elementor-widget elementor-widget-heading\" data-id=\"62acd0c\" data-element_type=\"widget\" data-e-type=\"widget\" data-widget_type=\"heading.default\">\n\t\t\t\t\t<h2 class=\"elementor-heading-title elementor-size-default\">En el desarrollo y mantenimiento del sitio web se han adoptado las siguientes medidas: <br> <br>\n\n-Estructura sem\u00e1ntica coherente de encabezados y contenido. <br> <br>\n\n-Navegaci\u00f3n por teclado accesible en todo el sitio.  <br> <br>\n\n-Contrastes adecuados entre texto y fondo.<br> <br>\n\n- Im\u00e1genes relevantes con texto alternativo.<br> <br>\n\n- Formularios correctamente etiquetados.<br> <br>\n\n- Uso de etiquetas ARIA en componentes interactivos. <br> <br>\n\n- Contenido adaptado a dispositivos m\u00f3viles.<br> <br><\/h2>\t\t\t\t<\/div>\n\t\t\t\t\t<\/div>\n\t\t\t\t<\/div>\n\t\t<div class=\"elementor-element elementor-element-2de85f1 e-flex e-con-boxed e-con e-parent\" data-id=\"2de85f1\" data-element_type=\"container\" data-e-type=\"container\">\n\t\t\t\t\t<div class=\"e-con-inner\">\n\t\t\t\t<div class=\"elementor-element elementor-element-35355e5 elementor-widget elementor-widget-heading\" data-id=\"35355e5\" data-element_type=\"widget\" data-e-type=\"widget\" data-widget_type=\"heading.default\">\n\t\t\t\t\t<h2 class=\"elementor-heading-title elementor-size-default\">Situaci\u00f3n de cumplimiento<\/h2>\t\t\t\t<\/div>\n\t\t\t\t<div class=\"elementor-element elementor-element-1a4b0a0 elementor-widget elementor-widget-heading\" data-id=\"1a4b0a0\" data-element_type=\"widget\" data-e-type=\"widget\" data-widget_type=\"heading.default\">\n\t\t\t\t\t<h2 class=\"elementor-heading-title elementor-size-default\">Este sitio web es parcialmente conforme con el RD 1112\/2018 debido a la posible existencia de contenidos no accesibles por motivos t\u00e9cnicos o desactualizaciones puntuales. Estamos trabajando activamente para subsanar cualquier posible deficiencia.<\/h2>\t\t\t\t<\/div>\n\t\t\t\t\t<\/div>\n\t\t\t\t<\/div>\n\t\t<div class=\"elementor-element elementor-element-930406c e-flex e-con-boxed e-con e-parent\" data-id=\"930406c\" data-element_type=\"container\" data-e-type=\"container\">\n\t\t\t\t\t<div class=\"e-con-inner\">\n\t\t\t\t<div class=\"elementor-element elementor-element-fe1c74e elementor-widget elementor-widget-heading\" data-id=\"fe1c74e\" data-element_type=\"widget\" data-e-type=\"widget\" data-widget_type=\"heading.default\">\n\t\t\t\t\t<h2 class=\"elementor-heading-title elementor-size-default\">Observaciones y datos de contacto<\/h2>\t\t\t\t<\/div>\n\t\t\t\t<div class=\"elementor-element elementor-element-274fcc9 elementor-widget elementor-widget-heading\" data-id=\"274fcc9\" data-element_type=\"widget\" data-e-type=\"widget\" data-widget_type=\"heading.default\">\n\t\t\t\t\t<h2 class=\"elementor-heading-title elementor-size-default\">Si encuentras barreras de acceso, errores o limitaciones en cualquier secci\u00f3n del sitio web, puedes comunicarlo a trav\u00e9s de los siguientes canales. Valoramos tu colaboraci\u00f3n para mejorar continuamente la accesibilidad: <br><br>\n\n\ud83d\udce7 Email: tcd@tcdpalos.com<br><br>\n\ud83d\udcde Tel\u00e9fono: +34 959 09 09 09 <br><br>\nTambi\u00e9n puedes hacernos llegar tus sugerencias, quejas o solicitudes de informaci\u00f3n en formato accesible.<\/h2>\t\t\t\t<\/div>\n\t\t\t\t\t<\/div>\n\t\t\t\t<\/div>\n\t\t<div class=\"elementor-element elementor-element-6d8502e e-flex e-con-boxed e-con e-parent\" data-id=\"6d8502e\" data-element_type=\"container\" data-e-type=\"container\">\n\t\t\t\t\t<div class=\"e-con-inner\">\n\t\t\t\t<div class=\"elementor-element elementor-element-53abdcf elementor-widget elementor-widget-heading\" data-id=\"53abdcf\" data-element_type=\"widget\" data-e-type=\"widget\" data-widget_type=\"heading.default\">\n\t\t\t\t\t<h2 class=\"elementor-heading-title elementor-size-default\">Procedimiento de reclamaci\u00f3n<\/h2>\t\t\t\t<\/div>\n\t\t\t\t<div class=\"elementor-element elementor-element-a6063f3 elementor-widget elementor-widget-heading\" data-id=\"a6063f3\" data-element_type=\"widget\" data-e-type=\"widget\" data-widget_type=\"heading.default\">\n\t\t\t\t\t<h2 class=\"elementor-heading-title elementor-size-default\">Si la respuesta no es satisfactoria o no recibes contestaci\u00f3n en el plazo establecido, puedes presentar una reclamaci\u00f3n formal a trav\u00e9s de la Oficina de Atenci\u00f3n al Usuario en Materia de Accesibilidad del Ministerio de Asuntos Econ\u00f3micos y Transformaci\u00f3n Digital.<\/h2>\t\t\t\t<\/div>\n\t\t\t\t\t<\/div>\n\t\t\t\t<\/div>\n\t\t\t\t<\/div>","protected":false},"excerpt":{"rendered":"<p>Accesibilidad En Nexus Telecom estamos firmemente comprometidos con la accesibilidad digital. Nuestro objetivo es que todas las personas, con independencia de sus capacidades, puedan navegar, comprender e interactuar con el contenido de nuestro sitio web nexustelecom.es de manera clara, sencilla y sin obst\u00e1culos. Compromiso con la accesibilidad La presente declaraci\u00f3n de accesibilidad se aplica al [&hellip;]<\/p>","protected":false},"author":1,"featured_media":0,"parent":0,"menu_order":0,"comment_status":"closed","ping_status":"closed","template":"","meta":{"footnotes":""},"class_list":["post-330","page","type-page","status-publish","hentry"],"aioseo_notices":[],"yoast_head":"<!-- This site is optimized with the Yoast SEO plugin v26.9 - https:\/\/yoast.com\/product\/yoast-seo-wordpress\/ -->\n<title>Accesibilidad - tcdpalos<\/title>\n<meta name=\"robots\" content=\"index, follow, max-snippet:-1, max-image-preview:large, max-video-preview:-1\" \/>\n<link rel=\"canonical\" href=\"https:\/\/tcdpalos.com\/en\/accesibilidad\/\" \/>\n<meta property=\"og:locale\" content=\"en_US\" \/>\n<meta property=\"og:type\" content=\"article\" \/>\n<meta property=\"og:title\" content=\"Accesibilidad - tcdpalos\" \/>\n<meta property=\"og:description\" content=\"Accesibilidad En Nexus Telecom estamos firmemente comprometidos con la accesibilidad digital. Nuestro objetivo es que todas las personas, con independencia de sus capacidades, puedan navegar, comprender e interactuar con el contenido de nuestro sitio web nexustelecom.es de manera clara, sencilla y sin obst\u00e1culos. Compromiso con la accesibilidad La presente declaraci\u00f3n de accesibilidad se aplica al [&hellip;]\" \/>\n<meta property=\"og:url\" content=\"https:\/\/tcdpalos.com\/en\/accesibilidad\/\" \/>\n<meta property=\"og:site_name\" content=\"tcdpalos\" \/>\n<meta property=\"article:modified_time\" content=\"2025-11-24T12:19:44+00:00\" \/>\n<meta name=\"twitter:card\" content=\"summary_large_image\" \/>\n<meta name=\"twitter:label1\" content=\"Est. reading time\" \/>\n\t<meta name=\"twitter:data1\" content=\"2 minutes\" \/>\n<script type=\"application\/ld+json\" class=\"yoast-schema-graph\">{\"@context\":\"https:\/\/schema.org\",\"@graph\":[{\"@type\":\"WebPage\",\"@id\":\"https:\/\/tcdpalos.com\/accesibilidad\/\",\"url\":\"https:\/\/tcdpalos.com\/accesibilidad\/\",\"name\":\"Accesibilidad - tcdpalos\",\"isPartOf\":{\"@id\":\"https:\/\/tcdpalos.com\/#website\"},\"datePublished\":\"2025-11-17T13:06:11+00:00\",\"dateModified\":\"2025-11-24T12:19:44+00:00\",\"breadcrumb\":{\"@id\":\"https:\/\/tcdpalos.com\/accesibilidad\/#breadcrumb\"},\"inLanguage\":\"en-US\",\"potentialAction\":[{\"@type\":\"ReadAction\",\"target\":[\"https:\/\/tcdpalos.com\/accesibilidad\/\"]}]},{\"@type\":\"BreadcrumbList\",\"@id\":\"https:\/\/tcdpalos.com\/accesibilidad\/#breadcrumb\",\"itemListElement\":[{\"@type\":\"ListItem\",\"position\":1,\"name\":\"Portada\",\"item\":\"https:\/\/tcdpalos.com\/\"},{\"@type\":\"ListItem\",\"position\":2,\"name\":\"Accesibilidad\"}]},{\"@type\":\"WebSite\",\"@id\":\"https:\/\/tcdpalos.com\/#website\",\"url\":\"https:\/\/tcdpalos.com\/\",\"name\":\"tcdpalos\",\"description\":\"\",\"publisher\":{\"@id\":\"https:\/\/tcdpalos.com\/#organization\"},\"potentialAction\":[{\"@type\":\"SearchAction\",\"target\":{\"@type\":\"EntryPoint\",\"urlTemplate\":\"https:\/\/tcdpalos.com\/?s={search_term_string}\"},\"query-input\":{\"@type\":\"PropertyValueSpecification\",\"valueRequired\":true,\"valueName\":\"search_term_string\"}}],\"inLanguage\":\"en-US\"},{\"@type\":\"Organization\",\"@id\":\"https:\/\/tcdpalos.com\/#organization\",\"name\":\"tcdpalos\",\"url\":\"https:\/\/tcdpalos.com\/\",\"logo\":{\"@type\":\"ImageObject\",\"inLanguage\":\"en-US\",\"@id\":\"https:\/\/tcdpalos.com\/#\/schema\/logo\/image\/\",\"url\":\"https:\/\/tcdpalos.com\/wp-content\/uploads\/2025\/11\/cropped-logo_tcd.png\",\"contentUrl\":\"https:\/\/tcdpalos.com\/wp-content\/uploads\/2025\/11\/cropped-logo_tcd.png\",\"width\":1920,\"height\":753,\"caption\":\"tcdpalos\"},\"image\":{\"@id\":\"https:\/\/tcdpalos.com\/#\/schema\/logo\/image\/\"}}]}<\/script>\n<!-- \/ Yoast SEO plugin. -->","yoast_head_json":{"title":"Accesibilidad - tcdpalos","robots":{"index":"index","follow":"follow","max-snippet":"max-snippet:-1","max-image-preview":"max-image-preview:large","max-video-preview":"max-video-preview:-1"},"canonical":"https:\/\/tcdpalos.com\/en\/accesibilidad\/","og_locale":"en_US","og_type":"article","og_title":"Accesibilidad - tcdpalos","og_description":"Accesibilidad En Nexus Telecom estamos firmemente comprometidos con la accesibilidad digital. Nuestro objetivo es que todas las personas, con independencia de sus capacidades, puedan navegar, comprender e interactuar con el contenido de nuestro sitio web nexustelecom.es de manera clara, sencilla y sin obst\u00e1culos. Compromiso con la accesibilidad La presente declaraci\u00f3n de accesibilidad se aplica al [&hellip;]","og_url":"https:\/\/tcdpalos.com\/en\/accesibilidad\/","og_site_name":"tcdpalos","article_modified_time":"2025-11-24T12:19:44+00:00","twitter_card":"summary_large_image","twitter_misc":{"Est. reading time":"2 minutes"},"schema":{"@context":"https:\/\/schema.org","@graph":[{"@type":"WebPage","@id":"https:\/\/tcdpalos.com\/accesibilidad\/","url":"https:\/\/tcdpalos.com\/accesibilidad\/","name":"Accesibilidad - tcdpalos","isPartOf":{"@id":"https:\/\/tcdpalos.com\/#website"},"datePublished":"2025-11-17T13:06:11+00:00","dateModified":"2025-11-24T12:19:44+00:00","breadcrumb":{"@id":"https:\/\/tcdpalos.com\/accesibilidad\/#breadcrumb"},"inLanguage":"en-US","potentialAction":[{"@type":"ReadAction","target":["https:\/\/tcdpalos.com\/accesibilidad\/"]}]},{"@type":"BreadcrumbList","@id":"https:\/\/tcdpalos.com\/accesibilidad\/#breadcrumb","itemListElement":[{"@type":"ListItem","position":1,"name":"Portada","item":"https:\/\/tcdpalos.com\/"},{"@type":"ListItem","position":2,"name":"Accesibilidad"}]},{"@type":"WebSite","@id":"https:\/\/tcdpalos.com\/#website","url":"https:\/\/tcdpalos.com\/","name":"tcdpalos","description":"","publisher":{"@id":"https:\/\/tcdpalos.com\/#organization"},"potentialAction":[{"@type":"SearchAction","target":{"@type":"EntryPoint","urlTemplate":"https:\/\/tcdpalos.com\/?s={search_term_string}"},"query-input":{"@type":"PropertyValueSpecification","valueRequired":true,"valueName":"search_term_string"}}],"inLanguage":"en-US"},{"@type":"Organization","@id":"https:\/\/tcdpalos.com\/#organization","name":"tcdpalos","url":"https:\/\/tcdpalos.com\/","logo":{"@type":"ImageObject","inLanguage":"en-US","@id":"https:\/\/tcdpalos.com\/#\/schema\/logo\/image\/","url":"https:\/\/tcdpalos.com\/wp-content\/uploads\/2025\/11\/cropped-logo_tcd.png","contentUrl":"https:\/\/tcdpalos.com\/wp-content\/uploads\/2025\/11\/cropped-logo_tcd.png","width":1920,"height":753,"caption":"tcdpalos"},"image":{"@id":"https:\/\/tcdpalos.com\/#\/schema\/logo\/image\/"}}]}},"_links":{"self":[{"href":"https:\/\/tcdpalos.com\/en\/wp-json\/wp\/v2\/pages\/330","targetHints":{"allow":["GET"]}}],"collection":[{"href":"https:\/\/tcdpalos.com\/en\/wp-json\/wp\/v2\/pages"}],"about":[{"href":"https:\/\/tcdpalos.com\/en\/wp-json\/wp\/v2\/types\/page"}],"author":[{"embeddable":true,"href":"https:\/\/tcdpalos.com\/en\/wp-json\/wp\/v2\/users\/1"}],"replies":[{"embeddable":true,"href":"https:\/\/tcdpalos.com\/en\/wp-json\/wp\/v2\/comments?post=330"}],"version-history":[{"count":8,"href":"https:\/\/tcdpalos.com\/en\/wp-json\/wp\/v2\/pages\/330\/revisions"}],"predecessor-version":[{"id":450,"href":"https:\/\/tcdpalos.com\/en\/wp-json\/wp\/v2\/pages\/330\/revisions\/450"}],"wp:attachment":[{"href":"https:\/\/tcdpalos.com\/en\/wp-json\/wp\/v2\/media?parent=330"}],"curies":[{"name":"wp","href":"https:\/\/api.w.org\/{rel}","templated":true}]}}