{"id":28,"date":"2025-11-07T12:36:51","date_gmt":"2025-11-07T12:36:51","guid":{"rendered":"https:\/\/tcdpalos.com\/?page_id=28"},"modified":"2026-02-13T12:16:26","modified_gmt":"2026-02-13T12:16:26","slug":"movil","status":"publish","type":"page","link":"https:\/\/tcdpalos.com\/en\/movil\/","title":{"rendered":"Mobile"},"content":{"rendered":"<div data-elementor-type=\"wp-page\" data-elementor-id=\"28\" class=\"elementor elementor-28\">\n\t\t\t\t<div class=\"elementor-element elementor-element-91a4484 e-con-full e-flex e-con e-parent\" data-id=\"91a4484\" data-element_type=\"container\" data-e-type=\"container\">\n\t\t\t\t<div class=\"elementor-element elementor-element-9d73789 elementor-widget elementor-widget-spacer\" data-id=\"9d73789\" data-element_type=\"widget\" data-e-type=\"widget\" data-widget_type=\"spacer.default\">\n\t\t\t\t\t\t\t<div class=\"elementor-spacer\">\n\t\t\t<div class=\"elementor-spacer-inner\"><\/div>\n\t\t<\/div>\n\t\t\t\t\t\t<\/div>\n\t\t<div class=\"elementor-element elementor-element-73a7433 e-con-full e-flex e-con e-child\" data-id=\"73a7433\" data-element_type=\"container\" data-e-type=\"container\">\n\t\t<div class=\"elementor-element elementor-element-8d3a24a e-con-full e-flex e-con e-child\" data-id=\"8d3a24a\" data-element_type=\"container\" data-e-type=\"container\">\n\t\t\t\t<div class=\"elementor-element elementor-element-6cf78c2 elementor-widget elementor-widget-heading\" data-id=\"6cf78c2\" data-element_type=\"widget\" data-e-type=\"widget\" data-widget_type=\"heading.default\">\n\t\t\t\t\t<h2 class=\"elementor-heading-title elementor-size-default\">Tenemos las mejores<\/h2>\t\t\t\t<\/div>\n\t\t\t\t<div class=\"elementor-element elementor-element-86e0086 elementor-widget elementor-widget-heading\" data-id=\"86e0086\" data-element_type=\"widget\" data-e-type=\"widget\" data-widget_type=\"heading.default\">\n\t\t\t\t\t<h2 class=\"elementor-heading-title elementor-size-default\">Tarifas m\u00f3viles<\/h2>\t\t\t\t<\/div>\n\t\t\t\t<div class=\"elementor-element elementor-element-82d2895 elementor-widget elementor-widget-heading\" data-id=\"82d2895\" data-element_type=\"widget\" data-e-type=\"widget\" data-widget_type=\"heading.default\">\n\t\t\t\t\t<h2 class=\"elementor-heading-title elementor-size-default\">\u00a1Descubre la velocidad del 5G!<\/h2>\t\t\t\t<\/div>\n\t\t\t\t<\/div>\n\t\t<div class=\"elementor-element elementor-element-e8c3168 e-con-full e-flex e-con e-child\" data-id=\"e8c3168\" data-element_type=\"container\" data-e-type=\"container\">\n\t\t\t\t<\/div>\n\t\t\t\t<\/div>\n\t\t<div class=\"elementor-element elementor-element-69e76b0 e-con-full e-flex elementor-invisible e-con e-child\" data-id=\"69e76b0\" data-element_type=\"container\" data-e-type=\"container\" data-settings=\"{&quot;animation&quot;:&quot;zoomIn&quot;}\">\n\t\t<div class=\"elementor-element elementor-element-8bdea8f e-con-full e-flex e-con e-child\" data-id=\"8bdea8f\" data-element_type=\"container\" data-e-type=\"container\">\n\t\t\t\t<div class=\"elementor-element elementor-element-cc3f8a5 elementor-widget elementor-widget-shortcode\" data-id=\"cc3f8a5\" data-element_type=\"widget\" data-e-type=\"widget\" data-widget_type=\"shortcode.default\">\n\t\t\t\t\t\t\t<div class=\"elementor-shortcode\"><div class=\"popover\">\n                <div class=\"simplemodal-close\">\u2715<\/div>\n                <div class=\"popover_titulo\"><\/div>\n                <div class=\"popover_contenido\"><\/div>\n                <div class=\"popover_footer\">\n                    <button class=\"popover_btn popover_btn_secondary popover-cerrar\">Cerrar<\/button>\n                    <button class=\"popover_btn popover_btn_primary popover-lo-quiero\">\n                        <svg width=\"16\" height=\"16\" viewbox=\"0 0 24 24\" fill=\"none\" stroke=\"currentColor\" stroke-width=\"2\">\n                            <path d=\"M22 16.92v3a2 2 0 0 1-2.18 2 19.79 19.79 0 0 1-8.63-3.07 19.5 19.5 0 0 1-6-6 19.79 19.79 0 0 1-3.07-8.67A2 2 0 0 1 4.11 2h3a2 2 0 0 1 2 1.72c.127.96.362 1.903.7 2.81a2 2 0 0 1-.45 2.11L8.09 9.91a16 16 0 0 0 6 6l1.27-1.27a2 2 0 0 1 2.11-.45c.907.339 1.85.574 2.81.7A2 2 0 0 1 22 16.92z\"\/>\n                        <\/svg>\n                        Lo quiero\n                    <\/button>\n                <\/div>\n            <\/div>\n            \n            <div class=\"popover-formulario\">\n                <div class=\"simplemodal-close\">\u2715<\/div>\n                <div class=\"popover_titulo\">\n                    <span class=\"form-titulo-texto\">Solicitar informaci\u00f3n<\/span>\n                    <span class=\"form-tarifa-nombre\"><\/span>\n                <\/div>\n                <div class=\"popover_contenido\">\n<div class=\"wpcf7 no-js\" id=\"wpcf7-f233-o1\" lang=\"es-ES\" dir=\"ltr\" data-wpcf7-id=\"233\">\n<div class=\"screen-reader-response\"><p role=\"status\" aria-live=\"polite\" aria-atomic=\"true\"><\/p> <ul><\/ul><\/div>\n<form action=\"\/en\/wp-json\/wp\/v2\/pages\/28#wpcf7-f233-o1\" method=\"post\" class=\"wpcf7-form init\" aria-label=\"Formulario de contacto\" novalidate=\"novalidate\" data-status=\"init\" data-trp-original-action=\"\/en\/wp-json\/wp\/v2\/pages\/28#wpcf7-f233-o1\">\n<fieldset class=\"hidden-fields-container\"><input type=\"hidden\" name=\"_wpcf7\" value=\"233\" \/><input type=\"hidden\" name=\"_wpcf7_version\" value=\"6.1.4\" \/><input type=\"hidden\" name=\"_wpcf7_locale\" value=\"es_ES\" \/><input type=\"hidden\" name=\"_wpcf7_unit_tag\" value=\"wpcf7-f233-o1\" \/><input type=\"hidden\" name=\"_wpcf7_container_post\" value=\"0\" \/><input type=\"hidden\" name=\"_wpcf7_posted_data_hash\" value=\"\" \/>\n<\/fieldset>\n<p><label> Nombre y apellidos<br \/>\n<span class=\"wpcf7-form-control-wrap\" data-name=\"your-name\"><input size=\"40\" maxlength=\"400\" class=\"wpcf7-form-control wpcf7-text wpcf7-validates-as-required\" aria-required=\"true\" aria-invalid=\"false\" value=\"\" type=\"text\" name=\"your-name\" \/><\/span> <\/label>\n<\/p>\n<p><label> Phone<br \/>\n<span class=\"wpcf7-form-control-wrap\" data-name=\"tel-35\"><input size=\"40\" maxlength=\"400\" class=\"wpcf7-form-control wpcf7-tel wpcf7-validates-as-required wpcf7-text wpcf7-validates-as-tel\" aria-required=\"true\" aria-invalid=\"false\" value=\"\" type=\"tel\" name=\"tel-35\" \/><\/span><\/label>\n<\/p>\n<p><label> Email<br \/>\n<span class=\"wpcf7-form-control-wrap\" data-name=\"your-email\"><input size=\"40\" maxlength=\"400\" class=\"wpcf7-form-control wpcf7-email wpcf7-validates-as-required wpcf7-text wpcf7-validates-as-email\" aria-required=\"true\" aria-invalid=\"false\" value=\"\" type=\"email\" name=\"your-email\" \/><\/span> <\/label>\n<\/p>\n<p><label style=\"display:none\"><span class=\"wpcf7-form-control-wrap\" data-name=\"your-subject\"><input size=\"40\" maxlength=\"400\" class=\"wpcf7-form-control wpcf7-text wpcf7-validates-as-required\" aria-required=\"true\" aria-invalid=\"false\" value=\"\" type=\"text\" name=\"your-subject\" \/><\/span> <\/label>\n<\/p>\n<p><label> Tu mensaje\/ preguntas (opcional)<br \/>\n<span class=\"wpcf7-form-control-wrap\" data-name=\"your-message\"><textarea cols=\"40\" rows=\"10\" maxlength=\"2000\" class=\"wpcf7-form-control wpcf7-textarea\" aria-invalid=\"false\" name=\"your-message\"><\/textarea><\/span> <\/label>\n<\/p>\n<p><span class=\"wpcf7-form-control-wrap\" data-name=\"acceptance-373\"><span class=\"wpcf7-form-control wpcf7-acceptance\"><span class=\"wpcf7-list-item\"><label><input type=\"checkbox\" name=\"acceptance-373\" value=\"1\" aria-invalid=\"false\" \/><span class=\"wpcf7-list-item-label\">Acepto la pol\u00edtica de privacidad <a href='https:\/\/alcalawifi.com\/privacy-policy\/'>pol\u00edtica de privacidad<\/a><\/span><\/label><\/span><\/span><\/span>\n<\/p>\n<p><input class=\"wpcf7-form-control wpcf7-submit has-spinner\" type=\"submit\" value=\"Send to\" \/>\n<\/p><div class=\"wpcf7-response-output\" aria-hidden=\"true\"><\/div>\n<input type=\"hidden\" name=\"trp-form-language\" value=\"en\"\/><\/form>\n<\/div>\n<\/div>\n            <\/div>\n            \n            <div class=\"popover-overlay\"><\/div>\n            \n            <div class=\"CuerpoTarifas\" style=\"max-width: 1350px; margin: 0 auto;\">\n                <div class=\"container_wrap container_wrap_first main_color\">\n                    <div class=\"ppcontainer\"><div class=\"flex_contenedor\"><p class=\"no-tarifas\">No hay tarifas disponibles.<\/p><\/div><\/div><\/div><\/div><\/div>\n\t\t\t\t\t\t<\/div>\n\t\t\t\t<\/div>\n\t\t<div class=\"elementor-element elementor-element-79f4cf8 e-con-full e-flex e-con e-child\" data-id=\"79f4cf8\" data-element_type=\"container\" data-e-type=\"container\">\n\t\t<div class=\"elementor-element elementor-element-7e15d7c e-con-full e-flex e-con e-child\" data-id=\"7e15d7c\" data-element_type=\"container\" data-e-type=\"container\">\n\t\t\t\t<\/div>\n\t\t<div class=\"elementor-element elementor-element-5f3327e e-con-full e-flex e-con e-child\" data-id=\"5f3327e\" data-element_type=\"container\" data-e-type=\"container\">\n\t\t\t\t<div class=\"elementor-element elementor-element-82efe5c elementor-widget elementor-widget-html\" data-id=\"82efe5c\" data-element_type=\"widget\" data-e-type=\"widget\" data-widget_type=\"html.default\">\n\t\t\t\t\t<div style=\"font-family: 'Arimo', sans-serif; max-width: 500px; padding: 30px;\">\r\n    \r\n    <h2 style=\"color: #ffffff; font-size: 28px; line-height: 1.3; margin-bottom: 20px;\">\r\n        Por qu\u00e9 contratar tu<br>\r\n        <span style=\"color: yellow; font-weight: 700;\">L\u00cdNEA M\u00d3VIL<\/span> con<br>\r\n        <span style=\"color: yellow; font-weight: 700;\">TCD<\/span>\r\n    <\/h2>\r\n    \r\n    <p style=\"color: #ffffff; font-size: 15px; line-height: 1.6; margin-bottom: 25px;\">\r\n        Sean cuales sean tus necesidades, en TCD tenemos una tarifa m\u00f3vil adaptada a ellas. Desde las de solo voz hasta las ilimitadas y compartidas con otros miembros de tu familia o compa\u00f1eros de trabajo.\r\n    <\/p>\r\n    \r\n    <h3 style=\"color:WHITE ; font-size: 20px; font-weight: 700; margin-bottom: 15px;\">\r\n        \u00bfNecesitas m\u00e1s razones?\r\n    <\/h3>\r\n    \r\n    <div style=\"display: flex; align-items: flex-start; margin-bottom: 12px;\">\r\n        <span style=\"color: #FFD700; font-size: 18px; margin-right: 10px;\">\u2714<\/span>\r\n        <span style=\"color: #ffffff; font-size: 15px; line-height: 1.5;\">\r\n            <strong>Cobertura sin l\u00edmites<\/strong> (Movistar, Orange y Yoigo).\r\n        <\/span>\r\n    <\/div>\r\n    \r\n    <div style=\"display: flex; align-items: flex-start; margin-bottom: 12px;\">\r\n        <span style=\"color: #FFD700; font-size: 18px; margin-right: 10px;\">\u2714<\/span>\r\n        <span style=\"color: #ffffff; font-size: 15px; line-height: 1.5;\">\r\n            <strong>Navega a la m\u00e1xima velocidad<\/strong> gracias a la red 5G.\r\n        <\/span>\r\n    <\/div>\r\n    \r\n    <div style=\"display: flex; align-items: flex-start; margin-bottom: 12px;\">\r\n        <span style=\"color: #FFD700; font-size: 18px; margin-right: 10px;\">\u2714<\/span>\r\n        <span style=\"color: #ffffff; font-size: 15px; line-height: 1.5;\">\r\n            <strong>Roaming en pa\u00edses de la Uni\u00f3n Europea y Estados Unidos.<\/strong>\r\n        <\/span>\r\n    <\/div>\r\n    \r\n<\/div>\t\t\t\t<\/div>\n\t\t\t\t<\/div>\n\t\t\t\t<\/div>\n\t\t\t\t<\/div>\n\t\t\t\t<\/div>\n\t\t\t\t<\/div>","protected":false},"excerpt":{"rendered":"<p>Tenemos las mejores Tarifas m\u00f3viles \u00a1Descubre la velocidad del 5G! Por qu\u00e9 contratar tu L\u00cdNEA M\u00d3VIL con TCD Sean cuales sean tus necesidades, en TCD tenemos una tarifa m\u00f3vil adaptada a ellas. Desde las de solo voz hasta las ilimitadas y compartidas con otros miembros de tu familia o compa\u00f1eros de trabajo. \u00bfNecesitas m\u00e1s razones? [&hellip;]<\/p>","protected":false},"author":1,"featured_media":0,"parent":0,"menu_order":0,"comment_status":"closed","ping_status":"closed","template":"","meta":{"footnotes":""},"class_list":["post-28","page","type-page","status-publish","hentry"],"aioseo_notices":[],"yoast_head":"<!-- This site is optimized with the Yoast SEO plugin v26.9 - https:\/\/yoast.com\/product\/yoast-seo-wordpress\/ -->\n<title>M\u00f3vil - tcdpalos<\/title>\n<meta name=\"robots\" content=\"index, follow, max-snippet:-1, max-image-preview:large, max-video-preview:-1\" \/>\n<link rel=\"canonical\" href=\"https:\/\/tcdpalos.com\/en\/movil\/\" \/>\n<meta property=\"og:locale\" content=\"en_US\" \/>\n<meta property=\"og:type\" content=\"article\" \/>\n<meta property=\"og:title\" content=\"M\u00f3vil - tcdpalos\" \/>\n<meta property=\"og:description\" content=\"Tenemos las mejores Tarifas m\u00f3viles \u00a1Descubre la velocidad del 5G! Por qu\u00e9 contratar tu L\u00cdNEA M\u00d3VIL con TCD Sean cuales sean tus necesidades, en TCD tenemos una tarifa m\u00f3vil adaptada a ellas. Desde las de solo voz hasta las ilimitadas y compartidas con otros miembros de tu familia o compa\u00f1eros de trabajo. \u00bfNecesitas m\u00e1s razones? [&hellip;]\" \/>\n<meta property=\"og:url\" content=\"https:\/\/tcdpalos.com\/en\/movil\/\" \/>\n<meta property=\"og:site_name\" content=\"tcdpalos\" \/>\n<meta property=\"article:modified_time\" content=\"2026-02-13T12:16:26+00:00\" \/>\n<meta name=\"twitter:card\" content=\"summary_large_image\" \/>\n<meta name=\"twitter:label1\" content=\"Est. reading time\" \/>\n\t<meta name=\"twitter:data1\" content=\"3 minutes\" \/>\n<script type=\"application\/ld+json\" class=\"yoast-schema-graph\">{\"@context\":\"https:\/\/schema.org\",\"@graph\":[{\"@type\":\"WebPage\",\"@id\":\"https:\/\/tcdpalos.com\/movil\/\",\"url\":\"https:\/\/tcdpalos.com\/movil\/\",\"name\":\"M\u00f3vil - tcdpalos\",\"isPartOf\":{\"@id\":\"https:\/\/tcdpalos.com\/#website\"},\"datePublished\":\"2025-11-07T12:36:51+00:00\",\"dateModified\":\"2026-02-13T12:16:26+00:00\",\"breadcrumb\":{\"@id\":\"https:\/\/tcdpalos.com\/movil\/#breadcrumb\"},\"inLanguage\":\"en-US\",\"potentialAction\":[{\"@type\":\"ReadAction\",\"target\":[\"https:\/\/tcdpalos.com\/movil\/\"]}]},{\"@type\":\"BreadcrumbList\",\"@id\":\"https:\/\/tcdpalos.com\/movil\/#breadcrumb\",\"itemListElement\":[{\"@type\":\"ListItem\",\"position\":1,\"name\":\"Portada\",\"item\":\"https:\/\/tcdpalos.com\/\"},{\"@type\":\"ListItem\",\"position\":2,\"name\":\"M\u00f3vil\"}]},{\"@type\":\"WebSite\",\"@id\":\"https:\/\/tcdpalos.com\/#website\",\"url\":\"https:\/\/tcdpalos.com\/\",\"name\":\"tcdpalos\",\"description\":\"\",\"publisher\":{\"@id\":\"https:\/\/tcdpalos.com\/#organization\"},\"potentialAction\":[{\"@type\":\"SearchAction\",\"target\":{\"@type\":\"EntryPoint\",\"urlTemplate\":\"https:\/\/tcdpalos.com\/?s={search_term_string}\"},\"query-input\":{\"@type\":\"PropertyValueSpecification\",\"valueRequired\":true,\"valueName\":\"search_term_string\"}}],\"inLanguage\":\"en-US\"},{\"@type\":\"Organization\",\"@id\":\"https:\/\/tcdpalos.com\/#organization\",\"name\":\"tcdpalos\",\"url\":\"https:\/\/tcdpalos.com\/\",\"logo\":{\"@type\":\"ImageObject\",\"inLanguage\":\"en-US\",\"@id\":\"https:\/\/tcdpalos.com\/#\/schema\/logo\/image\/\",\"url\":\"https:\/\/tcdpalos.com\/wp-content\/uploads\/2025\/11\/cropped-logo_tcd.png\",\"contentUrl\":\"https:\/\/tcdpalos.com\/wp-content\/uploads\/2025\/11\/cropped-logo_tcd.png\",\"width\":1920,\"height\":753,\"caption\":\"tcdpalos\"},\"image\":{\"@id\":\"https:\/\/tcdpalos.com\/#\/schema\/logo\/image\/\"}}]}<\/script>\n<!-- \/ Yoast SEO plugin. -->","yoast_head_json":{"title":"M\u00f3vil - tcdpalos","robots":{"index":"index","follow":"follow","max-snippet":"max-snippet:-1","max-image-preview":"max-image-preview:large","max-video-preview":"max-video-preview:-1"},"canonical":"https:\/\/tcdpalos.com\/en\/movil\/","og_locale":"en_US","og_type":"article","og_title":"M\u00f3vil - tcdpalos","og_description":"Tenemos las mejores Tarifas m\u00f3viles \u00a1Descubre la velocidad del 5G! Por qu\u00e9 contratar tu L\u00cdNEA M\u00d3VIL con TCD Sean cuales sean tus necesidades, en TCD tenemos una tarifa m\u00f3vil adaptada a ellas. Desde las de solo voz hasta las ilimitadas y compartidas con otros miembros de tu familia o compa\u00f1eros de trabajo. \u00bfNecesitas m\u00e1s razones? [&hellip;]","og_url":"https:\/\/tcdpalos.com\/en\/movil\/","og_site_name":"tcdpalos","article_modified_time":"2026-02-13T12:16:26+00:00","twitter_card":"summary_large_image","twitter_misc":{"Est. reading time":"3 minutes"},"schema":{"@context":"https:\/\/schema.org","@graph":[{"@type":"WebPage","@id":"https:\/\/tcdpalos.com\/movil\/","url":"https:\/\/tcdpalos.com\/movil\/","name":"M\u00f3vil - tcdpalos","isPartOf":{"@id":"https:\/\/tcdpalos.com\/#website"},"datePublished":"2025-11-07T12:36:51+00:00","dateModified":"2026-02-13T12:16:26+00:00","breadcrumb":{"@id":"https:\/\/tcdpalos.com\/movil\/#breadcrumb"},"inLanguage":"en-US","potentialAction":[{"@type":"ReadAction","target":["https:\/\/tcdpalos.com\/movil\/"]}]},{"@type":"BreadcrumbList","@id":"https:\/\/tcdpalos.com\/movil\/#breadcrumb","itemListElement":[{"@type":"ListItem","position":1,"name":"Portada","item":"https:\/\/tcdpalos.com\/"},{"@type":"ListItem","position":2,"name":"M\u00f3vil"}]},{"@type":"WebSite","@id":"https:\/\/tcdpalos.com\/#website","url":"https:\/\/tcdpalos.com\/","name":"tcdpalos","description":"","publisher":{"@id":"https:\/\/tcdpalos.com\/#organization"},"potentialAction":[{"@type":"SearchAction","target":{"@type":"EntryPoint","urlTemplate":"https:\/\/tcdpalos.com\/?s={search_term_string}"},"query-input":{"@type":"PropertyValueSpecification","valueRequired":true,"valueName":"search_term_string"}}],"inLanguage":"en-US"},{"@type":"Organization","@id":"https:\/\/tcdpalos.com\/#organization","name":"tcdpalos","url":"https:\/\/tcdpalos.com\/","logo":{"@type":"ImageObject","inLanguage":"en-US","@id":"https:\/\/tcdpalos.com\/#\/schema\/logo\/image\/","url":"https:\/\/tcdpalos.com\/wp-content\/uploads\/2025\/11\/cropped-logo_tcd.png","contentUrl":"https:\/\/tcdpalos.com\/wp-content\/uploads\/2025\/11\/cropped-logo_tcd.png","width":1920,"height":753,"caption":"tcdpalos"},"image":{"@id":"https:\/\/tcdpalos.com\/#\/schema\/logo\/image\/"}}]}},"_links":{"self":[{"href":"https:\/\/tcdpalos.com\/en\/wp-json\/wp\/v2\/pages\/28","targetHints":{"allow":["GET"]}}],"collection":[{"href":"https:\/\/tcdpalos.com\/en\/wp-json\/wp\/v2\/pages"}],"about":[{"href":"https:\/\/tcdpalos.com\/en\/wp-json\/wp\/v2\/types\/page"}],"author":[{"embeddable":true,"href":"https:\/\/tcdpalos.com\/en\/wp-json\/wp\/v2\/users\/1"}],"replies":[{"embeddable":true,"href":"https:\/\/tcdpalos.com\/en\/wp-json\/wp\/v2\/comments?post=28"}],"version-history":[{"count":91,"href":"https:\/\/tcdpalos.com\/en\/wp-json\/wp\/v2\/pages\/28\/revisions"}],"predecessor-version":[{"id":940,"href":"https:\/\/tcdpalos.com\/en\/wp-json\/wp\/v2\/pages\/28\/revisions\/940"}],"wp:attachment":[{"href":"https:\/\/tcdpalos.com\/en\/wp-json\/wp\/v2\/media?parent=28"}],"curies":[{"name":"wp","href":"https:\/\/api.w.org\/{rel}","templated":true}]}}