{"id":199,"date":"2025-11-12T07:51:37","date_gmt":"2025-11-12T07:51:37","guid":{"rendered":"https:\/\/tcdpalos.com\/?page_id=199"},"modified":"2026-02-02T10:45:44","modified_gmt":"2026-02-02T10:45:44","slug":"politica-de-cookies","status":"publish","type":"page","link":"https:\/\/tcdpalos.com\/en\/politica-de-cookies\/","title":{"rendered":"Politica de cookies"},"content":{"rendered":"<div data-elementor-type=\"wp-page\" data-elementor-id=\"199\" class=\"elementor elementor-199\">\n\t\t\t\t<div class=\"elementor-element elementor-element-cce5ff3 e-flex e-con-boxed elementor-invisible e-con e-parent\" data-id=\"cce5ff3\" data-element_type=\"container\" data-e-type=\"container\" data-settings=\"{&quot;animation&quot;:&quot;slideInDown&quot;}\">\n\t\t\t\t\t<div class=\"e-con-inner\">\n\t\t\t\t<div class=\"elementor-element elementor-element-b82d917 elementor-widget elementor-widget-heading\" data-id=\"b82d917\" data-element_type=\"widget\" data-e-type=\"widget\" data-widget_type=\"heading.default\">\n\t\t\t\t\t<h2 class=\"elementor-heading-title elementor-size-default\">POLITICA DE COOKIES<\/h2>\t\t\t\t<\/div>\n\t\t\t\t\t<\/div>\n\t\t\t\t<\/div>\n\t\t<div class=\"elementor-element elementor-element-6629864 e-flex e-con-boxed e-con e-parent\" data-id=\"6629864\" data-element_type=\"container\" data-e-type=\"container\">\n\t\t\t\t\t<div class=\"e-con-inner\">\n\t\t\t\t<div class=\"elementor-element elementor-element-e0dd0b8 elementor-widget elementor-widget-spacer\" data-id=\"e0dd0b8\" data-element_type=\"widget\" data-e-type=\"widget\" data-widget_type=\"spacer.default\">\n\t\t\t\t\t\t\t<div class=\"elementor-spacer\">\n\t\t\t<div class=\"elementor-spacer-inner\"><\/div>\n\t\t<\/div>\n\t\t\t\t\t\t<\/div>\n\t\t\t\t\t<\/div>\n\t\t\t\t<\/div>\n\t\t<div class=\"elementor-element elementor-element-f58f40a e-flex e-con-boxed e-con e-parent\" data-id=\"f58f40a\" data-element_type=\"container\" data-e-type=\"container\">\n\t\t\t\t\t<div class=\"e-con-inner\">\n\t\t\t\t<div class=\"elementor-element elementor-element-9e820f3 elementor-widget elementor-widget-heading\" data-id=\"9e820f3\" data-element_type=\"widget\" data-e-type=\"widget\" data-widget_type=\"heading.default\">\n\t\t\t\t\t<p class=\"elementor-heading-title elementor-size-default\">Esta P\u00e1gina Web utiliza cookies y tecnolog\u00edas similares (HTTP Cookies, Pixel Tracker y Local Shared) propias y de terceros que almacenan y recuperan informaci\u00f3n de los usuarios cuando navegan a trav\u00e9s de la misma con las finalidades que se indican en la secci\u00f3n \"Detalle de las cookies y tecnolog\u00edas similares\". No obstante, en cumplimiento del principio de responsabilidad proactiva, Television Cable Digital informa que a trav\u00e9s de esta P\u00e1gina Web no se recaban ni se ceden datos personales sin que previamente se facilite la informaci\u00f3n legal necesaria y se recabe el consentimiento expreso de los usuarios en los casos en los que resulta necesario. Lo relativo al tratamiento de la informaci\u00f3n recabada a trav\u00e9s de las cookies y tecnolog\u00edas similares utilizadas en esta P\u00e1gina Web puede consultarse tambi\u00e9n a trav\u00e9s de la presente Pol\u00edtica de Cookies.<\/p>\t\t\t\t<\/div>\n\t\t\t\t<div class=\"elementor-element elementor-element-dcecd3a elementor-widget elementor-widget-heading\" data-id=\"dcecd3a\" data-element_type=\"widget\" data-e-type=\"widget\" data-widget_type=\"heading.default\">\n\t\t\t\t\t<h2 class=\"elementor-heading-title elementor-size-default\">\u00bfQU\u00c9 SON LAS COOKIES?<\/h2>\t\t\t\t<\/div>\n\t\t\t\t<div class=\"elementor-element elementor-element-34ddd5d elementor-widget elementor-widget-heading\" data-id=\"34ddd5d\" data-element_type=\"widget\" data-e-type=\"widget\" data-widget_type=\"heading.default\">\n\t\t\t\t\t<p class=\"elementor-heading-title elementor-size-default\">Las cookies o las tecnolog\u00edas similares (local shared objects, flash cookies, web beacons, bugs, etc.) son peque\u00f1os ficheros creados por los sitios webs que visitan los usuarios que se descargan en los dispositivos (ordenadores, tel\u00e9fonos m\u00f3viles, tablets, etc.) o navegadores de los usuarios con la finalidad de almacenar y recuperar determinada informaci\u00f3n de los usuarios (por ejemplo, h\u00e1bitos de navegaci\u00f3n o informaci\u00f3n sobre sus dispositivos y navegadores).<\/p>\t\t\t\t<\/div>\n\t\t\t\t<div class=\"elementor-element elementor-element-f916976 elementor-widget elementor-widget-heading\" data-id=\"f916976\" data-element_type=\"widget\" data-e-type=\"widget\" data-widget_type=\"heading.default\">\n\t\t\t\t\t<h2 class=\"elementor-heading-title elementor-size-default\">\u00bfQU\u00c9 TIPOLOG\u00cdA DE COOKIES EXISTEN?<\/h2>\t\t\t\t<\/div>\n\t\t\t\t<div class=\"elementor-element elementor-element-851acc2 elementor-widget elementor-widget-heading\" data-id=\"851acc2\" data-element_type=\"widget\" data-e-type=\"widget\" data-widget_type=\"heading.default\">\n\t\t\t\t\t<p class=\"elementor-heading-title elementor-size-default\"><p class=\"whitespace-normal break-words\">A continuaci\u00f3n, se identifican a t\u00edtulo ilustrativo, pero no limitativo los distintos tipos de cookies que pueden existir en funci\u00f3n de los siguientes criterios de clasificaci\u00f3n:<\/p>\n<h6>Seg\u00fan qui\u00e9n sea la entidad que gestiona el equipo o dominio desde donde se env\u00edan las cookies y trate la informaci\u00f3n que se obtenga a trav\u00e9s de las mismas, podemos distinguir:<\/h6>\n<p class=\"whitespace-normal break-words\"><strong>Cookies propias:<\/strong> son aquellas que se env\u00edan al dispositivo o navegador del usuario desde un equipo o dominio gestionado por los propios responsables de un sitio web o aplicaci\u00f3n y desde el que se presta el servicio solicitado por el usuario.<\/p>\n<p class=\"whitespace-normal break-words\"><strong>Cookies de terceros:<\/strong> son aquellas que se env\u00edan al dispositivo o navegador del usuario desde un equipo o dominio que no es gestionado por los propios responsables de un sitio web o aplicaci\u00f3n, sino por otra entidad que trata la informaci\u00f3n obtenida a trav\u00e9s de dichas cookies o tecnolog\u00edas similares.<\/p>\n<p class=\"whitespace-normal break-words\">Si estas cookies son enviadas desde un equipo o domino gestionado por los propios responsables del sitio web o aplicaci\u00f3n, pero la informaci\u00f3n recogida a trav\u00e9s de las mismas se gestiona por un tercero, este tipo de cookies no ser\u00e1n consideradas como cookies propias siempre y cuando sean utilizadas por el tercero para sus propias finalidades (por ejemplo, la mejora de los servicios que presta o la prestaci\u00f3n de servicios de car\u00e1cter publicitario a favor de otra entidad).<\/p>\n<h6>En funci\u00f3n del tiempo que permanecen activadas en los dispositivos y navegadores de los usuarios:<\/h6>\n<p class=\"whitespace-normal break-words\"><strong>Cookies de sesi\u00f3n:<\/strong> son aquellas dise\u00f1adas para recabar y almacenar informaci\u00f3n mientras que los usuarios acceden a una aplicaci\u00f3n o sitio web. Se suelen utilizar para almacenar informaci\u00f3n que s\u00f3lo interesa conservar para la prestaci\u00f3n de un servicio solicitado por el usuario en una sola ocasi\u00f3n y desaparecen al terminar la sesi\u00f3n (por ejemplo, hasta que cierra el navegador y finaliza la visita).<\/p>\n<p class=\"whitespace-normal break-words\"><strong>Cookies persistentes:<\/strong> son aquellas que permiten el almacenamiento de la informaci\u00f3n en el dispositivo o navegador del usuario aun cuando ha finalizado la sesi\u00f3n, permitiendo acceder y tratar esta informaci\u00f3n durante un periodo posterior definido por el responsable de la cookie. Este per\u00edodo puede ir desde unos minutos a varios a\u00f1os, salvo que el usuario las borre manualmente.<\/p>\n<h6>Seg\u00fan la finalidad para la que est\u00e9 destinada la cookie, \u00e9stas pueden ser:<\/h6>\n<p class=\"whitespace-normal break-words\"><strong>Cookies t\u00e9cnicas y estrictamente necesarias:<\/strong> son aquellas que permiten al usuario la navegaci\u00f3n a trav\u00e9s de una aplicaci\u00f3n o sitio web y la utilizaci\u00f3n de las diferentes opciones o servicios que en ellas existan, incluyendo aquellas que se utilizan para permitir la gesti\u00f3n y operativa del sitio web o aplicaci\u00f3n y habilitar sus funciones y servicios, como, por ejemplo, controlar el tr\u00e1fico y la comunicaci\u00f3n de datos, identificar la sesi\u00f3n, acceder a partes de acceso restringido, recordar los elementos que componen los productos o servicios, realizar el proceso de compra de un producto o servicio, gestionar el pago de los mismos, controlar el fraude vinculado a la seguridad del servicio, realizar la solicitud de inscripci\u00f3n o participaci\u00f3n en un evento, contar visitas a efectos de la facturaci\u00f3n de licencias del software con el que funciona el servicio (sitio web, plataforma o aplicaci\u00f3n), utilizar elementos de seguridad durante la navegaci\u00f3n, almacenar contenidos para la difusi\u00f3n de v\u00eddeos o sonido, habilitar contenidos din\u00e1micos (por ejemplo, animaci\u00f3n de carga de un texto o imagen) o compartir contenidos a trav\u00e9s de redes sociales. Tambi\u00e9n pertenecen a esta categor\u00eda, por su naturaleza t\u00e9cnica, aquellas cookies que permiten la gesti\u00f3n, de la forma m\u00e1s eficaz posible, de los espacios publicitarios que, como un elemento m\u00e1s de dise\u00f1o o \"maquetaci\u00f3n\" del servicio ofrecido al usuario han sido incluidos en un sitio web o aplicaci\u00f3n en base a criterios como el contenido editado, sin que se recopile informaci\u00f3n de los usuarios con fines distintos, como puede ser personalizar ese contenido publicitario u otros contenidos.<\/p>\n<p class=\"whitespace-normal break-words\"><strong>Cookies de preferencias o personalizaci\u00f3n:<\/strong> son aquellas que permiten recordar informaci\u00f3n para que el usuario acceda a un sitio web o aplicaci\u00f3n con determinadas caracter\u00edsticas que pueden diferenciar su experiencia de la de otros usuarios, como, por ejemplo, el idioma, el n\u00famero de resultados a mostrar cuando el usuario realiza una b\u00fasqueda, el aspecto o contenido del sitio web o la aplicaci\u00f3n en funci\u00f3n del tipo de navegador a trav\u00e9s del que el usuario accede o de la regi\u00f3n desde la que accede, etc.<\/p>\n<p class=\"whitespace-normal break-words\"><strong>Cookies de an\u00e1lisis o medici\u00f3n:<\/strong> son aquellas que permiten hacer un seguimiento y un an\u00e1lisis del comportamiento de los usuarios que visitan un sitio web o aplicaci\u00f3n, incluida la cuantificaci\u00f3n de los impactos de los anuncios. La informaci\u00f3n recogida mediante este tipo de cookies se utiliza para la medici\u00f3n de la actividad de sitios web o aplicaciones, con el fin de introducir mejoras en funci\u00f3n del an\u00e1lisis de los datos de uso que hacen los usuarios.<\/p>\n<p class=\"whitespace-normal break-words\"><strong>Cookies de publicidad comportamental:<\/strong> son aquellas que almacenan informaci\u00f3n del comportamiento de los usuarios obtenida a trav\u00e9s de la observaci\u00f3n continuada de sus h\u00e1bitos de navegaci\u00f3n para gestionar y mostrar de manera eficaz los espacios publicitarios que se incorporan en los sitios web o aplicaciones, lo cual permite desarrollar un perfil espec\u00edfico para mostrarles dicha publicidad en funci\u00f3n del mismo.<\/p>\n<p class=\"whitespace-normal break-words\"><strong>Cookies de redes sociales:<\/strong> los sitios web o aplicaciones pueden contener funcionalidades de sitios web de terceros (por ejemplo, de redes sociales) que integran secuencias de comandos u otros elementos que tienen la capacidad de leer, y algunas veces guardar, cookies y tecnolog\u00edas similares en el navegador o dispositivo de los usuarios (normalmente cookies y tecnolog\u00edas similares de publicidad comportamental). Los editores responsables de los sitios web o aplicaciones donde se incorporan funcionalidades que incorporan este tipo de cookies o tecnolog\u00edas similares no tienen acceso ni control sobre ellas o sobre la informaci\u00f3n que pueden recabar ya que son los titulares de las mismas quienes gestionan sus finalidades y sus propias pr\u00e1cticas de privacidad. Es por ello por lo que, antes de permitir la instalaci\u00f3n de las mismas en los dispositivos o navegadores, se recomienda a los usuarios consultar las pol\u00edticas de privacidad de los terceros responsables de dichas cookies y tecnolog\u00edas similares.<\/p>\n<p class=\"whitespace-normal break-words\">A t\u00edtulo ilustrativo, pero no limitativo, se facilita a continuaci\u00f3n una lista de terceros que pueden incorporar este tipo de cookies y tecnolog\u00edas similares en los dispositivos y navegadores de los usuarios, junto con el enlace a la pol\u00edtica de cookies y pol\u00edtica de privacidad correspondiente para que los usuarios puedan consultarlas antes de decidir sobre el uso de este tipo de cookies o tecnolog\u00edas similares.<\/p><\/p>\t\t\t\t<\/div>\n\t\t\t\t<div class=\"elementor-element elementor-element-b6b7648 elementor-widget elementor-widget-heading\" data-id=\"b6b7648\" data-element_type=\"widget\" data-e-type=\"widget\" data-widget_type=\"heading.default\">\n\t\t\t\t\t<p class=\"elementor-heading-title elementor-size-default\"><p><strong>Facebook:<\/strong><\/p><ul><li>Pol\u00edtica de Privacidad: <a href=\"https:\/\/www.facebook.com\/about\/privacy\/\">https:\/\/www.facebook.com\/about\/privacy\/<\/a><\/li>\n<li>Pol\u00edtica de cookies: <a href=\"https:\/\/www.facebook.com\/policies\/cookies\/\">https:\/\/www.facebook.com\/policies\/cookies\/<\/a><\/li><\/ul>\n<p><strong>Instagram:<\/strong><\/p><ul><li>Pol\u00edtica de Privacidad: <a href=\"https:\/\/es-la.facebook.com\/help\/instagram\/155833707900388\">https:\/\/es-la.facebook.com\/help\/instagram\/155833707900388<\/a><\/li>\n<li>Pol\u00edtica de cookies: <a href=\"https:\/\/help.instagram.com\/1896641480634370?ref=ig\">https:\/\/help.instagram.com\/1896641480634370?ref=ig<\/a><\/li><\/ul>\n<p><strong>LinkedIn:<\/strong><\/p><ul><li>Pol\u00edtica de Privacidad: <a href=\"https:\/\/es.linkedin.com\/legal\/privacy-policy?trk=homepage-basic_footer-privacy-policy\">https:\/\/es.linkedin.com\/legal\/privacy-policy?trk=homepage-basic_footer-privacy-policy<\/a><\/li>\n<li>Pol\u00edtica de cookies: <a href=\"https:\/\/es.linkedin.com\/legal\/cookie-policy\">https:\/\/es.linkedin.com\/legal\/cookie-policy<\/a><\/li><\/ul>\n<p><strong>YouTube:<\/strong><\/p><ul><li>Pol\u00edtica de Privacidad: <a href=\"https:\/\/policies.google.com\/privacy?hl=es\">https:\/\/policies.google.com\/privacy?hl=es<\/a><\/li>\n<li>Pol\u00edtica de cookies: <a href=\"https:\/\/policies.google.com\/technologies\/cookies?hl=es\">https:\/\/policies.google.com\/technologies\/cookies?hl=es<\/a><\/li><\/ul>\n<p><strong>TikTok:<\/strong><\/p><ul><li>Pol\u00edtica de Privacidad: <a href=\"https:\/\/www.tiktok.com\/legal\/page\/eea\/privacy-policy\/es\">https:\/\/www.tiktok.com\/legal\/page\/eea\/privacy-policy\/es<\/a><\/li>\n<li>Pol\u00edtica de cookies: <a href=\"https:\/\/www.tiktok.com\/legal\/page\/global\/tiktok-website-cookies-policy\/es\">https:\/\/www.tiktok.com\/legal\/page\/global\/tiktok-website-cookies-policy\/es<\/a><\/li><\/ul><\/p>\t\t\t\t<\/div>\n\t\t\t\t<div class=\"elementor-element elementor-element-9ee7c65 elementor-widget elementor-widget-heading\" data-id=\"9ee7c65\" data-element_type=\"widget\" data-e-type=\"widget\" data-widget_type=\"heading.default\">\n\t\t\t\t\t<h2 class=\"elementor-heading-title elementor-size-default\">\u00bfC\u00d3MO GESTIONAR LAS COOKIES?\n<\/h2>\t\t\t\t<\/div>\n\t\t\t\t<div class=\"elementor-element elementor-element-3588281 elementor-widget elementor-widget-heading\" data-id=\"3588281\" data-element_type=\"widget\" data-e-type=\"widget\" data-widget_type=\"heading.default\">\n\t\t\t\t\t<p class=\"elementor-heading-title elementor-size-default\"><p>El usuario puede permitir, bloquear o eliminar las cookies instaladas en su dispositivo mediante la configuraci\u00f3n de las opciones de su navegador de internet. En caso de que el usuario no permita la instalaci\u00f3n de cookies en su navegador es posible que no pueda acceder a algunas de las funcionalidades del sitio web.<\/p><p>A continuaci\u00f3n, se facilitan los enlaces donde se explica c\u00f3mo configurar las cookies en los navegadores m\u00e1s utilizados:<\/p><ul><li><strong>Google Chrome:<\/strong> <a href=\"https:\/\/support.google.com\/chrome\/answer\/95647?hl=es\">https:\/\/support.google.com\/chrome\/answer\/95647?hl=es<\/a><\/li>\n<li><strong>Mozilla Firefox:<\/strong> <a href=\"https:\/\/support.mozilla.org\/es\/kb\/habilitar-y-deshabilitar-cookies-sitios-web-rastrear-preferencias\">https:\/\/support.mozilla.org\/es\/kb\/habilitar-y-deshabilitar-cookies-sitios-web-rastrear-preferencias<\/a><\/li>\n<li><strong>Internet Explorer:<\/strong> <a href=\"https:\/\/support.microsoft.com\/es-es\/help\/17442\/windows-internet-explorer-delete-manage-cookies\">https:\/\/support.microsoft.com\/es-es\/help\/17442\/windows-internet-explorer-delete-manage-cookies<\/a><\/li>\n<li><strong>Safari:<\/strong> <a href=\"https:\/\/support.apple.com\/es-es\/guide\/safari\/sfri11471\/mac\">https:\/\/support.apple.com\/es-es\/guide\/safari\/sfri11471\/mac<\/a><\/li>\n<li><strong>Microsoft Edge:<\/strong> <a href=\"https:\/\/support.microsoft.com\/es-es\/microsoft-edge\/eliminar-las-cookies-en-microsoft-edge-63947406-40ac-c3b8-57b9-2a946a29ae09\">https:\/\/support.microsoft.com\/es-es\/microsoft-edge\/eliminar-las-cookies-en-microsoft-edge-63947406-40ac-c3b8-57b9-2a946a29ae09<\/a><\/li><\/ul><p>Para m\u00e1s informaci\u00f3n sobre el tratamiento de sus datos personales, puede consultar nuestra <a href=\"\/en\/enlace-a-politica-privacidad\/\">Privacy Policy<\/a>.<\/p><p>Para cualquier duda o consulta sobre esta Pol\u00edtica de Cookies, puede contactar con nosotros a trav\u00e9s del correo electr\u00f3nico: <strong><a href=\"mailto:lopd@tcdpalos.com\">lopd@tcdpalos.com<\/a><\/strong><\/p><\/p>\t\t\t\t<\/div>\n\t\t\t\t<div class=\"elementor-element elementor-element-ad31f2e elementor-widget elementor-widget-heading\" data-id=\"ad31f2e\" data-element_type=\"widget\" data-e-type=\"widget\" data-widget_type=\"heading.default\">\n\t\t\t\t\t<p class=\"elementor-heading-title elementor-size-default\"><strong>\u00daltima actualizaci\u00f3n<\/strong>: 12 de noviembre de 2025<\/p>\t\t\t\t<\/div>\n\t\t\t\t\t<\/div>\n\t\t\t\t<\/div>\n\t\t\t\t<\/div>","protected":false},"excerpt":{"rendered":"<p>POLITICA DE COOKIES Esta P\u00e1gina Web utiliza cookies y tecnolog\u00edas similares (HTTP Cookies, Pixel Tracker y Local Shared) propias y de terceros que almacenan y recuperan informaci\u00f3n de los usuarios cuando navegan a trav\u00e9s de la misma con las finalidades que se indican en la secci\u00f3n \u00abDetalle de las cookies y tecnolog\u00edas similares\u00bb. No obstante, [&hellip;]<\/p>","protected":false},"author":1,"featured_media":0,"parent":0,"menu_order":0,"comment_status":"closed","ping_status":"closed","template":"","meta":{"footnotes":""},"class_list":["post-199","page","type-page","status-publish","hentry"],"aioseo_notices":[],"yoast_head":"<!-- This site is optimized with the Yoast SEO plugin v26.9 - https:\/\/yoast.com\/product\/yoast-seo-wordpress\/ -->\n<title>Politica de cookies - tcdpalos<\/title>\n<meta name=\"robots\" content=\"index, follow, max-snippet:-1, max-image-preview:large, max-video-preview:-1\" \/>\n<link rel=\"canonical\" href=\"https:\/\/tcdpalos.com\/en\/politica-de-cookies\/\" \/>\n<meta property=\"og:locale\" content=\"en_US\" \/>\n<meta property=\"og:type\" content=\"article\" \/>\n<meta property=\"og:title\" content=\"Politica de cookies - tcdpalos\" \/>\n<meta property=\"og:description\" content=\"POLITICA DE COOKIES Esta P\u00e1gina Web utiliza cookies y tecnolog\u00edas similares (HTTP Cookies, Pixel Tracker y Local Shared) propias y de terceros que almacenan y recuperan informaci\u00f3n de los usuarios cuando navegan a trav\u00e9s de la misma con las finalidades que se indican en la secci\u00f3n \u00abDetalle de las cookies y tecnolog\u00edas similares\u00bb. No obstante, [&hellip;]\" \/>\n<meta property=\"og:url\" content=\"https:\/\/tcdpalos.com\/en\/politica-de-cookies\/\" \/>\n<meta property=\"og:site_name\" content=\"tcdpalos\" \/>\n<meta property=\"article:modified_time\" content=\"2026-02-02T10:45:44+00:00\" \/>\n<meta name=\"twitter:card\" content=\"summary_large_image\" \/>\n<meta name=\"twitter:label1\" content=\"Est. reading time\" \/>\n\t<meta name=\"twitter:data1\" content=\"7 minutes\" \/>\n<script type=\"application\/ld+json\" class=\"yoast-schema-graph\">{\"@context\":\"https:\/\/schema.org\",\"@graph\":[{\"@type\":\"WebPage\",\"@id\":\"https:\/\/tcdpalos.com\/politica-de-cookies\/\",\"url\":\"https:\/\/tcdpalos.com\/politica-de-cookies\/\",\"name\":\"Politica de cookies - tcdpalos\",\"isPartOf\":{\"@id\":\"https:\/\/tcdpalos.com\/#website\"},\"datePublished\":\"2025-11-12T07:51:37+00:00\",\"dateModified\":\"2026-02-02T10:45:44+00:00\",\"breadcrumb\":{\"@id\":\"https:\/\/tcdpalos.com\/politica-de-cookies\/#breadcrumb\"},\"inLanguage\":\"en-US\",\"potentialAction\":[{\"@type\":\"ReadAction\",\"target\":[\"https:\/\/tcdpalos.com\/politica-de-cookies\/\"]}]},{\"@type\":\"BreadcrumbList\",\"@id\":\"https:\/\/tcdpalos.com\/politica-de-cookies\/#breadcrumb\",\"itemListElement\":[{\"@type\":\"ListItem\",\"position\":1,\"name\":\"Portada\",\"item\":\"https:\/\/tcdpalos.com\/\"},{\"@type\":\"ListItem\",\"position\":2,\"name\":\"Politica de cookies\"}]},{\"@type\":\"WebSite\",\"@id\":\"https:\/\/tcdpalos.com\/#website\",\"url\":\"https:\/\/tcdpalos.com\/\",\"name\":\"tcdpalos\",\"description\":\"\",\"publisher\":{\"@id\":\"https:\/\/tcdpalos.com\/#organization\"},\"potentialAction\":[{\"@type\":\"SearchAction\",\"target\":{\"@type\":\"EntryPoint\",\"urlTemplate\":\"https:\/\/tcdpalos.com\/?s={search_term_string}\"},\"query-input\":{\"@type\":\"PropertyValueSpecification\",\"valueRequired\":true,\"valueName\":\"search_term_string\"}}],\"inLanguage\":\"en-US\"},{\"@type\":\"Organization\",\"@id\":\"https:\/\/tcdpalos.com\/#organization\",\"name\":\"tcdpalos\",\"url\":\"https:\/\/tcdpalos.com\/\",\"logo\":{\"@type\":\"ImageObject\",\"inLanguage\":\"en-US\",\"@id\":\"https:\/\/tcdpalos.com\/#\/schema\/logo\/image\/\",\"url\":\"https:\/\/tcdpalos.com\/wp-content\/uploads\/2025\/11\/cropped-logo_tcd.png\",\"contentUrl\":\"https:\/\/tcdpalos.com\/wp-content\/uploads\/2025\/11\/cropped-logo_tcd.png\",\"width\":1920,\"height\":753,\"caption\":\"tcdpalos\"},\"image\":{\"@id\":\"https:\/\/tcdpalos.com\/#\/schema\/logo\/image\/\"}}]}<\/script>\n<!-- \/ Yoast SEO plugin. -->","yoast_head_json":{"title":"Politica de cookies - tcdpalos","robots":{"index":"index","follow":"follow","max-snippet":"max-snippet:-1","max-image-preview":"max-image-preview:large","max-video-preview":"max-video-preview:-1"},"canonical":"https:\/\/tcdpalos.com\/en\/politica-de-cookies\/","og_locale":"en_US","og_type":"article","og_title":"Politica de cookies - tcdpalos","og_description":"POLITICA DE COOKIES Esta P\u00e1gina Web utiliza cookies y tecnolog\u00edas similares (HTTP Cookies, Pixel Tracker y Local Shared) propias y de terceros que almacenan y recuperan informaci\u00f3n de los usuarios cuando navegan a trav\u00e9s de la misma con las finalidades que se indican en la secci\u00f3n \u00abDetalle de las cookies y tecnolog\u00edas similares\u00bb. No obstante, [&hellip;]","og_url":"https:\/\/tcdpalos.com\/en\/politica-de-cookies\/","og_site_name":"tcdpalos","article_modified_time":"2026-02-02T10:45:44+00:00","twitter_card":"summary_large_image","twitter_misc":{"Est. reading time":"7 minutes"},"schema":{"@context":"https:\/\/schema.org","@graph":[{"@type":"WebPage","@id":"https:\/\/tcdpalos.com\/politica-de-cookies\/","url":"https:\/\/tcdpalos.com\/politica-de-cookies\/","name":"Politica de cookies - tcdpalos","isPartOf":{"@id":"https:\/\/tcdpalos.com\/#website"},"datePublished":"2025-11-12T07:51:37+00:00","dateModified":"2026-02-02T10:45:44+00:00","breadcrumb":{"@id":"https:\/\/tcdpalos.com\/politica-de-cookies\/#breadcrumb"},"inLanguage":"en-US","potentialAction":[{"@type":"ReadAction","target":["https:\/\/tcdpalos.com\/politica-de-cookies\/"]}]},{"@type":"BreadcrumbList","@id":"https:\/\/tcdpalos.com\/politica-de-cookies\/#breadcrumb","itemListElement":[{"@type":"ListItem","position":1,"name":"Portada","item":"https:\/\/tcdpalos.com\/"},{"@type":"ListItem","position":2,"name":"Politica de cookies"}]},{"@type":"WebSite","@id":"https:\/\/tcdpalos.com\/#website","url":"https:\/\/tcdpalos.com\/","name":"tcdpalos","description":"","publisher":{"@id":"https:\/\/tcdpalos.com\/#organization"},"potentialAction":[{"@type":"SearchAction","target":{"@type":"EntryPoint","urlTemplate":"https:\/\/tcdpalos.com\/?s={search_term_string}"},"query-input":{"@type":"PropertyValueSpecification","valueRequired":true,"valueName":"search_term_string"}}],"inLanguage":"en-US"},{"@type":"Organization","@id":"https:\/\/tcdpalos.com\/#organization","name":"tcdpalos","url":"https:\/\/tcdpalos.com\/","logo":{"@type":"ImageObject","inLanguage":"en-US","@id":"https:\/\/tcdpalos.com\/#\/schema\/logo\/image\/","url":"https:\/\/tcdpalos.com\/wp-content\/uploads\/2025\/11\/cropped-logo_tcd.png","contentUrl":"https:\/\/tcdpalos.com\/wp-content\/uploads\/2025\/11\/cropped-logo_tcd.png","width":1920,"height":753,"caption":"tcdpalos"},"image":{"@id":"https:\/\/tcdpalos.com\/#\/schema\/logo\/image\/"}}]}},"_links":{"self":[{"href":"https:\/\/tcdpalos.com\/en\/wp-json\/wp\/v2\/pages\/199","targetHints":{"allow":["GET"]}}],"collection":[{"href":"https:\/\/tcdpalos.com\/en\/wp-json\/wp\/v2\/pages"}],"about":[{"href":"https:\/\/tcdpalos.com\/en\/wp-json\/wp\/v2\/types\/page"}],"author":[{"embeddable":true,"href":"https:\/\/tcdpalos.com\/en\/wp-json\/wp\/v2\/users\/1"}],"replies":[{"embeddable":true,"href":"https:\/\/tcdpalos.com\/en\/wp-json\/wp\/v2\/comments?post=199"}],"version-history":[{"count":13,"href":"https:\/\/tcdpalos.com\/en\/wp-json\/wp\/v2\/pages\/199\/revisions"}],"predecessor-version":[{"id":631,"href":"https:\/\/tcdpalos.com\/en\/wp-json\/wp\/v2\/pages\/199\/revisions\/631"}],"wp:attachment":[{"href":"https:\/\/tcdpalos.com\/en\/wp-json\/wp\/v2\/media?parent=199"}],"curies":[{"name":"wp","href":"https:\/\/api.w.org\/{rel}","templated":true}]}}